{"id":6,"date":"2020-01-23T22:46:30","date_gmt":"2020-01-23T21:46:30","guid":{"rendered":"http:\/\/acconstruire.com\/index.php\/mesmerize\/"},"modified":"2020-11-07T18:40:44","modified_gmt":"2020-11-07T17:40:44","slug":"mesmerize","status":"publish","type":"page","link":"https:\/\/acconstruire.com\/","title":{"rendered":"ACC &#8211; Elevons votre projet ensemble"},"content":{"rendered":"<div  class=\"features-12-card-bordered content-section content-section-spacing \" id=\"savoirs-faire\" style=\"background-color: #ffffff;\" data-id=\"features-12-card-bordered\" data-category=\"features\" data-export-id=\"features-12-card-bordered\" data-label=\"Savoirs faire\"><div  class=\"gridContainer\"> <div  class=\"row text-center\"><div  class=\"section-title-col\" data-type=\"column\"> <h2  class=\"\">Un projet, un interlocuteur.<\/h2> <p  class=\"lead\">Vous \u00eates un professionnel de l\u2019immobilier, un chef d\u2019entreprise, un particulier, un architecte, nous vous accompagnons dans votre projet. Nous identifions ensemble vos besoins et vous proposons la conception &amp; r\u00e9alisation cl\u00e9s en mains de votre projet de construction\/r\u00e9novation\/am\u00e9nagement. <br ><br >Nos m\u00e9tiers vont de la ma\u00eetrise d\u2019oeuvre compl\u00e8te (MOE) \u00e0 l\u2019assistance \u00e0 ma\u00eetrise d\u2019ouvrage (AMO) en passant par l\u2019ordonnancement, le pilotage et la coordination (OPC).\n<\/p><\/div> <\/div> <div  class=\"row spaced-cols\" data-type=\"row\"> <div  class=\"col-sm-6\"> <div  class=\"card row-card bordered y-move\"> <div  class=\"row\"> <div  class=\"col-sm-fit icon-column\"> <i  class=\"fa icon fa-connectdevelop round bordered color2\"><\/i> <\/div> <div  class=\"col-sm\" data-type=\"column\"> <h5  class=\"color2\">LA CONCEPTION<\/h5> <p  class=\"\">de vos projets, des \u00e9tudes techniques, structurelles, environnementales \u00e0 la mise en forme sous maquette informatique 3D.<\/p><\/div> <\/div><\/div> <\/div> <div  class=\"col-sm-6\"> <div  class=\"card row-card bordered y-move\"> <div  class=\"row\"> <div  class=\"col-sm-fit icon-column\"> <i  class=\"fa icon fa-codepen round bordered color2\"><\/i> <\/div> <div  class=\"col-sm\" data-type=\"column\"> <h5  class=\"color2\">LA PR\u00c9PARATION<\/h5> <p  class=\"\">des travaux, la d\u00e9signation des intervenants ainsi que l\u2019aide au choix architecturaux.\n<\/p><\/div> <\/div><\/div> <\/div> <div  class=\"col-sm-6\"> <div  class=\"card row-card bordered y-move\"> <div  class=\"row\"> <div  class=\"col-sm-fit icon-column\"> <i  class=\"fa icon fa-cube round bordered color2\"><\/i> <\/div> <div  class=\"col-sm\" data-type=\"column\"> <h5  class=\"color2\">LE SUIVI<\/h5> <p  class=\"\">des travaux, le pilotage et l\u2019ordonnancement des entreprises travaux.<\/p><\/div> <\/div><\/div> <\/div> <div  class=\"col-sm-6\"> <div  class=\"card row-card bordered y-move\"> <div  class=\"row\"> <div  class=\"col-sm-fit icon-column\"> <i  class=\"fa icon fa-database round bordered color2\"><\/i> <\/div> <div  class=\"col-sm\" data-type=\"column\"> <h5  class=\"color2\">LA LIVRAISON<\/h5> <p  class=\"\">du projet, la transmission de la maquette 3D des ouvrages ex\u00e9cut\u00e9s et l\u2019accompagnement post-livraison via les contrats de maintenances sp\u00e9cifiques.<\/p><\/div> <\/div><\/div> <\/div><\/div> <\/div><\/div><div  class=\"overlappable-4 content-section content-section-spacing\" id=\"nos-offres\" style=\"background-color: rgb(255, 255, 255); background-image: none;\" data-id=\"overlappable--1\" data-overlap=\"true\" data-category=\"overlappable\" data-export-id=\"overlappable-4\" data-label=\"Nos Offres\"><div  class=\"gridContainer\"> <div  class=\"row spaced-cols text-center center-sm content-center-sm\" data-type=\"row\"><div  class=\"col-xs-12 col-sm-4 col-padding\"> <i  class=\"fa icon fa-clone large shadow-large-black round aligncenter reverse color1\"><\/i> <div  data-type=\"column\" class=\"\"> <h5  class=\"\">OFFRE 1 : l\u2019EXE<\/h5> <p  class=\"\">Int\u00e8gre le suivi et la livraison du projet.<\/p><\/div> <\/div> <div  class=\"col-xs-12 col-sm-4 col-padding\"> <i  class=\"fa icon fa-cogs large shadow-large-black round aligncenter reverse color1\"><\/i> <div  data-type=\"column\" class=\"\"><h5  class=\"\">OFFRE 2 : R\u00e9alisation Cl\u00e9s en Mains<\/h5> <p  class=\"\">Int\u00e8gre la pr\u00e9paration, le suivi et la livraison du projet.<\/p><\/div> <\/div> <div  class=\"col-xs-12 col-sm-4 col-padding\"> <i  class=\"fa icon fa-magic large shadow-large-black round aligncenter reverse color1\"><\/i> <div  data-type=\"column\" class=\"\"><h5  class=\"\">OFFRE 3 :&nbsp;Conception &amp; R\u00e9alisation Cl\u00e9s en Mains<\/h5> <p  class=\"\">Int\u00e8gre l\u2019ensemble de nos savoirs faire de la conception \u00e0 la livraison du projet.<\/p><\/div> <\/div><\/div> <\/div><\/div><div  class=\"blog-section blog-section-standard content-section content-section-spacing\" id=\"actualites\" style=\"background-color: rgb(255, 255, 255);\" data-id=\"latest_news--1\" data-category=\"latest_news\" data-export-id=\"blog-section\" data-label=\"Actualites\"><div  class=\"gridContainer\"> <div  class=\"row\"><div  class=\"section-title-col\" data-type=\"column\"> <h2  class=\"\">Actualit\u00e9s<\/h2> <\/div> <\/div> <div  class=\"row\"> <div  data-type=\"row\" data-content-shortcode=\"mesmerize_latest_news columns=&quot;6&quot; \" data-dynamic-columns=\"handled\">        <div class=\"row center-sm content-left-sm\">\n                    <div id=\"post-1\" class=\"col-sm-6 col-md-6 space-bottom space-bottom-xs\">\n                <div class=\"post-content card y-move bordered\">\n                        <div class=\"post-thumbnail\">\n        <a href=\"https:\/\/acconstruire.com\/index.php\/2020\/01\/03\/acc-present-a-l-enerj-meeting-2020\/\" class=\"post-list-item-thumb \">\n            <img width=\"1024\" height=\"771\" src=\"https:\/\/acconstruire.com\/wp-content\/uploads\/2020\/01\/IMG_ENERJP-1024x771.jpg\" class=\"attachment-post-thumbnail size-post-thumbnail wp-post-image\" alt=\"\" loading=\"lazy\" srcset=\"https:\/\/acconstruire.com\/wp-content\/uploads\/2020\/01\/IMG_ENERJP-1024x771.jpg 1024w, https:\/\/acconstruire.com\/wp-content\/uploads\/2020\/01\/IMG_ENERJP-300x226.jpg 300w, https:\/\/acconstruire.com\/wp-content\/uploads\/2020\/01\/IMG_ENERJP-768x578.jpg 768w, https:\/\/acconstruire.com\/wp-content\/uploads\/2020\/01\/IMG_ENERJP-1536x1156.jpg 1536w, https:\/\/acconstruire.com\/wp-content\/uploads\/2020\/01\/IMG_ENERJP-2048x1541.jpg 2048w, https:\/\/acconstruire.com\/wp-content\/uploads\/2020\/01\/IMG_ENERJP-1435x1080.jpg 1435w\" sizes=\"(max-width: 1024px) 100vw, 1024px\" \/>        <\/a>\n    <\/div>\n                        <div class=\"col-padding col-padding-xs\">\n                        <h3 class=\"post-title space-bottom-small\">\n                            <a href=\"https:\/\/acconstruire.com\/index.php\/2020\/01\/03\/acc-present-a-l-enerj-meeting-2020\/\" rel=\"bookmark\">\n                                ACC pr\u00e9sent \u00e0 l&rsquo;Enerj-meeting Paris 2020 !                            <\/a>\n                        <\/h3>\n                        <p>\u00c9v\u00e9nement majeur de ce d\u00e9but de d\u00e9cennie, l&rsquo;Enerj-meeting 2020 lance la nouvelle \u00e8re de la RE2020, la nouvelle r\u00e9glementation \u00e9nerg\u00e9tique qui int\u00e8gre la prise en compte du crit\u00e8re carbone dans[&hellip;]<\/p>\n                        <a class=\"read-more link\" href=\"https:\/\/acconstruire.com\/index.php\/2020\/01\/03\/acc-present-a-l-enerj-meeting-2020\/\">\n                            Read more                        <\/a>\n                    <\/div>\n                <\/div>\n            <\/div>\n            <\/div>\n    <\/div><\/div> <div  class=\"row\"><div  class=\"text-center\"> <a  class=\"button color1\" href=\"https:\/\/acconstruire.com\/index.php\/actualites\/\" data-attr-shortcode=\"href:mesmerize_blog_link\">SEE ALL BLOG POSTS<\/a><\/div> <\/div><\/div><\/div><div  data-label=\"Clients\" data-id=\"clients--2\" data-export-id=\"clients-4\" data-category=\"clients\" class=\"clients-4 content-section content-section-spacing-small\" id=\"clients-2\" style=\"background-color: rgb(255, 255, 255);\"><div  class=\"gridContainer\"> <div  class=\"row\"><div  data-type=\"column\" class=\"section-title-col\"> <h2  class=\"font-700\">Ils nous font d\u00e9j\u00e0 confiance :<\/h2> <\/div> <\/div> <div  data-type=\"row\" class=\"row spaced-cols middle-xs center-xs space-bottom padding-lr\">     <div  class=\"col-xs-6 col-sm-2\"> <img  src=\"http:\/\/acconstruire.com\/wp-content\/uploads\/2020\/11\/cropped-Logo-ENEDIS-2.png\" class=\"\" alt=\"\" title=\"cropped-Logo-ENEDIS-2.png\"><\/div> <div  class=\"col-xs-6 col-sm-2\"> <img  src=\"http:\/\/acconstruire.com\/wp-content\/uploads\/2020\/11\/cropped-LOGO-DYNEFF.png\" class=\"\" alt=\"\" title=\"cropped-LOGO-DYNEFF.png\"><\/div> <\/div><\/div> <\/div><div  class=\"cta-blue-section content-section content-section-spacing-medium bg-color1 white-text\" id=\"zone-d-intervention\" data-id=\"cta-blue-section\" data-category=\"cta\" data-export-id=\"cta-blue-section\" data-label=\"Zone d intervention\"><div  class=\"gridContainer\"> <div  class=\"row middle-xs\"><div  class=\"col-sm-8 space-bottom-xs\" data-type=\"column\"> <h2  class=\"\">Zone d\u2019intervention : \n<br >France M\u00e9tropolitaine<\/h2> <\/div> <div  class=\"col-sm-4 end-sm\" data-type=\"column\"> <\/div> <\/div><\/div> <\/div><div  class=\"content-2 content-section content-section-spacing\" id=\"contact\" style=\"background-color: rgb(245, 250, 253);\" data-id=\"content--1\" data-category=\"content\" data-export-id=\"content-2\" data-label=\"Contact\"><div > <div  class=\"row middle-xs\"><div  class=\"col-sm-5 bg-image shadow-large-black\" style=\"background-image: url(&quot;http:\/\/acconstruire.com\/wp-content\/uploads\/2020\/02\/cropped-contact-us-1.jpg&quot;);\" data-bg=\"image\"><\/div> <div  class=\"col-sm-7 full-col-left-padding full-col-right-padding\"> <div  class=\"row\"> <div  class=\"space-bottom-small content-title-col\" data-type=\"column\"> <h5  class=\"\">Contactez-nous<\/h5> <h2  class=\"\">Paris &amp; Aix-Marseille<\/h2> <p  class=\"\">Fort d\u2019exp\u00e9riences compl\u00e9mentaires et pluridisciplinaires, notre \u00e9quipe d\u2019ing\u00e9nieurs de la construction est \u00e0 votre disposition pour discuter de vos projets et des moyens \u00e0 mettre en place pour les r\u00e9aliser.\n<br ><br >\nTEL : 06 49 62 38 94 <br ><br >MAIL : amauny@acconstruire.com<\/p><\/div> <\/div> <div  class=\"row spaced-cols \" data-type=\"row\">  <div  class=\"col-xs-6 col-md-6\" data-type=\"column\"> <\/div>   <\/div><\/div> <\/div><\/div> <\/div>","protected":false},"excerpt":{"rendered":"<p>Un projet, un interlocuteur. Vous \u00eates un professionnel de l\u2019immobilier, un chef d\u2019entreprise, un particulier, un architecte, nous vous accompagnons dans votre projet. Nous identifions ensemble vos besoins et vous proposons la conception &amp; r\u00e9alisation cl\u00e9s en mains de votre projet de construction\/r\u00e9novation\/am\u00e9nagement. Nos m\u00e9tiers vont de la ma\u00eetrise d\u2019oeuvre compl\u00e8te (MOE) \u00e0 l\u2019assistance \u00e0&hellip; <br \/> <a class=\"read-more\" href=\"https:\/\/acconstruire.com\/index.php\/2020\/01\/03\/acc-present-a-l-enerj-meeting-2020\/\">Lire la suite<\/a><\/p>\n","protected":false},"author":1,"featured_media":0,"parent":0,"menu_order":0,"comment_status":"closed","ping_status":"closed","template":"page-templates\/homepage.php","meta":[],"_links":{"self":[{"href":"https:\/\/acconstruire.com\/index.php\/wp-json\/wp\/v2\/pages\/6"}],"collection":[{"href":"https:\/\/acconstruire.com\/index.php\/wp-json\/wp\/v2\/pages"}],"about":[{"href":"https:\/\/acconstruire.com\/index.php\/wp-json\/wp\/v2\/types\/page"}],"author":[{"embeddable":true,"href":"https:\/\/acconstruire.com\/index.php\/wp-json\/wp\/v2\/users\/1"}],"replies":[{"embeddable":true,"href":"https:\/\/acconstruire.com\/index.php\/wp-json\/wp\/v2\/comments?post=6"}],"version-history":[{"count":37,"href":"https:\/\/acconstruire.com\/index.php\/wp-json\/wp\/v2\/pages\/6\/revisions"}],"predecessor-version":[{"id":172,"href":"https:\/\/acconstruire.com\/index.php\/wp-json\/wp\/v2\/pages\/6\/revisions\/172"}],"wp:attachment":[{"href":"https:\/\/acconstruire.com\/index.php\/wp-json\/wp\/v2\/media?parent=6"}],"curies":[{"name":"wp","href":"https:\/\/api.w.org\/{rel}","templated":true}]}}